{"id":3769,"date":"2014-12-02T11:18:20","date_gmt":"2014-12-02T10:18:20","guid":{"rendered":"https:\/\/www.adaptareformas.es\/reformes-dexterior\/"},"modified":"2025-01-25T21:21:32","modified_gmt":"2025-01-25T20:21:32","slug":"reformes-exterior","status":"publish","type":"page","link":"https:\/\/www.adaptareformas.es\/ca\/reformes-exterior\/","title":{"rendered":"REFORMES D&#8217;EXTERIOR"},"content":{"rendered":"<p>[vc_row css=&#8221;.vc_custom_1463054085987{padding-top: 100px !important;padding-bottom: 75px !important;background-image: url(https:\/\/www.adaptareformas.es\/wp-content\/uploads\/2016\/05\/slide-reforma-exteriores.jpg?id=5834) !important;}&#8221;][vc_column]<div class=\"text-center\"><h1 class=\"text-white\">REFORMES D'EXTERIOR<\/h1><\/div>[\/vc_column][\/vc_row][vc_row css=&#8221;.vc_custom_1463054502193{margin-top: 0px !important;margin-bottom: 0px !important;padding-top: 30px !important;padding-bottom: 0px !important;}&#8221;][vc_column width=&#8221;1\/2&#8243;]<div class=\"feature\"><p><strong>ADAPTA<\/strong> no nom\u00e9s s&#8217;encarrega de reformar l&#8217;interior de casa teva, sin\u00f3 tamb\u00e9 de l&#8217;exterior. Oferim els serveis de <a title=\"Rehabilitaci\u00f3 de fa\u00e7anes a Barcelona\" href=\"https:\/\/www.adaptareformas.es\/ca\/reformes-exterior\/rehabilitacio-de-facanes-a-barcelona\/?lang=ca\"><strong>rehabilitaci\u00f3 de fa\u00e7anes a Barcelona<\/strong><\/a>, <a title=\"Reformes Integrals Barcelona\" href=\"\/?page_id=3762&lang=ca\"><strong>rehabilitaci\u00f3 d&#8217;edificis a Barcelona<\/strong><\/a>, <a title=\"Cobertes\" href=\"https:\/\/www.adaptareformas.es\/ca\/reformes-exterior\/cobertes\/?lang=ca\"><strong>impermeabilitzacions a Barcelona<\/strong><\/a>, <a title=\"Cobertes\" href=\"https:\/\/www.adaptareformas.es\/ca\/reformes-exterior\/cobertes\/?lang=ca\"><strong>reparaci\u00f3 de cobertes<\/strong><\/a>, sanejament de <a title=\"Patis interiors\" href=\"https:\/\/www.adaptareformas.es\/ca\/reformes-exterior\/patis-interiors\/?lang=ca\"><strong>patis interiors<\/strong><\/a> o <a title=\"Terrasses\" href=\"https:\/\/www.adaptareformas.es\/ca\/reformes-exterior\/terrasses\/?lang=ca\"><strong>construcci\u00f3 de piscines a Barcelona<\/strong><\/a>, entre d&#8217;altres.<\/p>\n<p>Som especialistes en <a title=\"Terrasses\" href=\"https:\/\/www.adaptareformas.es\/ca\/reformes-exterior\/terrasses\/?lang=ca\">reformes i decoraci\u00f3 de terrasses<\/a> per qu\u00e8 la puguis gaudir al m\u00e0xim, aix\u00ed com aquells espais comuns en el teu edifici, com s\u00f3n els <a title=\"Patis interiors\" href=\"https:\/\/www.adaptareformas.es\/ca\/reformes-exterior\/patis-interiors\/?lang=ca\">patis interiors<\/a>, les escales y els vest\u00edbuls. La <strong>rehabilitaci\u00f3 de fa\u00e7anes<\/strong> far\u00e0 que la vostra comunitat de ve\u00efns se senti orgullosa del vostre habitatge.<\/p>\n<\/div>[\/vc_column][vc_column width=&#8221;1\/2&#8243;]<div class=\"feature\"><p>Els nostres arquitectes i equip t\u00e8cnic estudien la rehabilitaci\u00f3 d&#8217;edificis a partir de la demanda dels clientes, sempre amb pressupostos de reforma ajustats a les seves necessitats.<\/p>\n<p>Ens encarreguem de tot el proc\u00e9s de la rehabilitaci\u00f3, des del projecte d&#8217;obra fins tots els tr\u00e0mits i permissos necessaris.<\/p>\n<p style=\"text-align: left;\">Consulta el nostre equip i et&nbsp;sorprendr\u00e0s dels nostres projectes al millor preu. <strong>Elaborem el teu pressupost de reforma econ\u00f2mic. <\/strong>Consulta&#8217;ns!<\/p>\n<p>\n<\/div>[\/vc_column][\/vc_row][vc_row css=&#8221;.vc_custom_1737836395693{margin-top: 30px !important;}&#8221;][vc_column width=&#8221;1\/4&#8243;][vc_column_text]<\/p>\n<h3 style=\"text-align: center;\"><a href=\"https:\/\/www.adaptareformas.es\/ca\/reformes-exterior\/patis-interiors\/\">Patis interiors<\/a><\/h3>\n<p>&nbsp;<\/p>\n<p>\n    <style>\n\t\t.himage-container {\n            position: relative;\n            width: 300px; \/* Ajusta seg\u00fan tus im\u00e1genes *\/\n            height: 150px; \/* Ajusta seg\u00fan tus im\u00e1genes *\/\n            overflow: hidden; \/* Evita problemas con elementos fuera del contenedor *\/\n        }\n        .himage-container img.himage-second {\n            position: absolute;\n            top: 0;\n            left: 0;\n            width: 300px;\n            height: 150px;\n            z-index: 2; \/* Asegura que la segunda imagen est\u00e9 encima al hacer hover *\/\n            opacity: 0; \/* Oculta inicialmente la segunda imagen *\/\n            transition: opacity 0.4s ease-in-out;\n        }\n        .himage-container:hover img.himage-second {\n            opacity: 1; \/* Muestra la segunda imagen al hacer hover *\/\n        }\n        .himage-container:hover img.himage-first {\n            opacity: 0; \/* Oculta la primera imagen al hacer hover *\/\n        }\n    <\/style>\n    <div class=\"himage-container\">\n        <a href=\"https:\/\/www.adaptareformas.es\/ca\/reformes-exterior\/patis-interiors\/?lang=ca\"><img loading=\"lazy\" decoding=\"async\" class=\"wp-image-2726 size-full himage-first\" src=\"https:\/\/www.adaptareformas.es\/wp-content\/uploads\/2013\/01\/reformas-exterior-patios.jpg\" alt=\"reformas-exterior-patios\" width=\"300\" height=\"150\"><\/a><a href=\"https:\/\/www.adaptareformas.es\/ca\/reformes-exterior\/patis-interiors\/\"><img loading=\"lazy\" decoding=\"async\" class=\"wp-image-4084 size-full himage-second\" src=\"https:\/\/www.adaptareformas.es\/wp-content\/uploads\/2014\/12\/reformas-exterior-patios-hover-cat.jpg\" alt=\"\" width=\"300\" height=\"150\"><\/a>\n    <\/div>[\/vc_column_text][\/vc_column][vc_column width=&#8221;1\/4&#8243;][vc_column_text]<\/p>\n<h3 style=\"text-align: center;\"><a href=\"https:\/\/www.adaptareformas.es\/ca\/reformes-exterior\/terrasses\/\">Terrasses<\/a><\/h3>\n<p>&nbsp;<\/p>\n<p>\n    <style>\n\t\t.himage-container {\n            position: relative;\n            width: 300px; \/* Ajusta seg\u00fan tus im\u00e1genes *\/\n            height: 150px; \/* Ajusta seg\u00fan tus im\u00e1genes *\/\n            overflow: hidden; \/* Evita problemas con elementos fuera del contenedor *\/\n        }\n        .himage-container img.himage-second {\n            position: absolute;\n            top: 0;\n            left: 0;\n            width: 300px;\n            height: 150px;\n            z-index: 2; \/* Asegura que la segunda imagen est\u00e9 encima al hacer hover *\/\n            opacity: 0; \/* Oculta inicialmente la segunda imagen *\/\n            transition: opacity 0.4s ease-in-out;\n        }\n        .himage-container:hover img.himage-second {\n            opacity: 1; \/* Muestra la segunda imagen al hacer hover *\/\n        }\n        .himage-container:hover img.himage-first {\n            opacity: 0; \/* Oculta la primera imagen al hacer hover *\/\n        }\n    <\/style>\n    <div class=\"himage-container\">\n        <a href=\"https:\/\/www.adaptareformas.es\/ca\/reformes-exterior\/terrasses\/\"><img loading=\"lazy\" decoding=\"async\" class=\"wp-image-2727 size-full himage-first\" src=\"https:\/\/www.adaptareformas.es\/wp-content\/uploads\/2013\/01\/reformas-exterior-terrazas.jpg\" alt=\"reformas-exterior-terrazas\" width=\"300\" height=\"150\"><\/a><a href=\"https:\/\/www.adaptareformas.es\/ca\/reformes-exterior\/terrasses\/\"><img loading=\"lazy\" decoding=\"async\" class=\"wp-image-4087 size-full himage-second\" src=\"https:\/\/www.adaptareformas.es\/wp-content\/uploads\/2014\/12\/reformas-exterior-terrazas-hover-cat.jpg\" alt=\"\" width=\"300\" height=\"150\"><\/a>\n    <\/div>[\/vc_column_text][\/vc_column][vc_column width=&#8221;1\/4&#8243;][vc_column_text]<\/p>\n<h3 style=\"text-align: center;\"><a href=\"https:\/\/www.adaptareformas.es\/ca\/reformes-exterior\/cobertes\/?lang=ca\">Coberts<\/a><\/h3>\n<p>&nbsp;<\/p>\n<p>\n    <style>\n\t\t.himage-container {\n            position: relative;\n            width: 300px; \/* Ajusta seg\u00fan tus im\u00e1genes *\/\n            height: 150px; \/* Ajusta seg\u00fan tus im\u00e1genes *\/\n            overflow: hidden; \/* Evita problemas con elementos fuera del contenedor *\/\n        }\n        .himage-container img.himage-second {\n            position: absolute;\n            top: 0;\n            left: 0;\n            width: 300px;\n            height: 150px;\n            z-index: 2; \/* Asegura que la segunda imagen est\u00e9 encima al hacer hover *\/\n            opacity: 0; \/* Oculta inicialmente la segunda imagen *\/\n            transition: opacity 0.4s ease-in-out;\n        }\n        .himage-container:hover img.himage-second {\n            opacity: 1; \/* Muestra la segunda imagen al hacer hover *\/\n        }\n        .himage-container:hover img.himage-first {\n            opacity: 0; \/* Oculta la primera imagen al hacer hover *\/\n        }\n    <\/style>\n    <div class=\"himage-container\">\n        <a href=\"https:\/\/www.adaptareformas.es\/ca\/reformes-exterior\/cobertes\/?lang=ca\"><img loading=\"lazy\" decoding=\"async\" class=\"wp-image-2729 size-full himage-first\" src=\"https:\/\/www.adaptareformas.es\/wp-content\/uploads\/2013\/01\/reformas-exterior-cubiertas.jpg\" alt=\"reformas-exterior-cubiertas\" width=\"300\" height=\"150\"><\/a><a href=\"https:\/\/www.adaptareformas.es\/ca\/reformes-exterior\/cobertes\/?lang=ca\"><img loading=\"lazy\" decoding=\"async\" class=\"wp-image-4078 size-full himage-second\" src=\"https:\/\/www.adaptareformas.es\/wp-content\/uploads\/2014\/12\/reformas-exterior-cubiertas-hover-cat.jpg\" alt=\"\" width=\"300\" height=\"150\"><\/a>\n    <\/div>[\/vc_column_text][\/vc_column][vc_column width=&#8221;1\/4&#8243;][vc_column_text]<\/p>\n<h3 style=\"text-align: center;\"><a href=\"https:\/\/www.adaptareformas.es\/ca\/reformes-exterior\/rehabilitacio-de-facanes-a-barcelona\/?lang=ca\">Fa\u00e7anes<\/a><\/h3>\n<p>&nbsp;<\/p>\n<p>\n    <style>\n\t\t.himage-container {\n            position: relative;\n            width: 300px; \/* Ajusta seg\u00fan tus im\u00e1genes *\/\n            height: 150px; \/* Ajusta seg\u00fan tus im\u00e1genes *\/\n            overflow: hidden; \/* Evita problemas con elementos fuera del contenedor *\/\n        }\n        .himage-container img.himage-second {\n            position: absolute;\n            top: 0;\n            left: 0;\n            width: 300px;\n            height: 150px;\n            z-index: 2; \/* Asegura que la segunda imagen est\u00e9 encima al hacer hover *\/\n            opacity: 0; \/* Oculta inicialmente la segunda imagen *\/\n            transition: opacity 0.4s ease-in-out;\n        }\n        .himage-container:hover img.himage-second {\n            opacity: 1; \/* Muestra la segunda imagen al hacer hover *\/\n        }\n        .himage-container:hover img.himage-first {\n            opacity: 0; \/* Oculta la primera imagen al hacer hover *\/\n        }\n    <\/style>\n    <div class=\"himage-container\">\n        <a href=\"https:\/\/www.adaptareformas.es\/ca\/reformes-exterior\/rehabilitacio-de-facanes-a-barcelona\/?lang=ca\"><img loading=\"lazy\" decoding=\"async\" class=\"wp-image-2731 size-full himage-first\" src=\"https:\/\/www.adaptareformas.es\/wp-content\/uploads\/2013\/01\/reformas-exterior-fachadas.jpg\" alt=\"reformas-exterior-fachadas\" width=\"300\" height=\"150\"><\/a><a href=\"https:\/\/www.adaptareformas.es\/ca\/reformes-exterior\/rehabilitacio-de-facanes-a-barcelona\/?lang=ca\"><img loading=\"lazy\" decoding=\"async\" class=\"wp-image-4081 size-full himage-second\" src=\"https:\/\/www.adaptareformas.es\/wp-content\/uploads\/2014\/12\/reformas-exterior-fachadas-hover-cat.jpg\" alt=\"\" width=\"300\" height=\"150\"><\/a>\n    <\/div>[\/vc_column_text][\/vc_column][\/vc_row][vc_row css=&#8221;.vc_custom_1462520311295{margin-top: 0px !important;padding-top: 20px !important;}&#8221;][vc_column]<div class=\"feature\"><\/p>\n<h2 style=\"text-align: center;\">Per qu\u00e8 ADAPTA REFORMAS<\/h2>\n<p>\n<\/div>[vc_row_inner css=&#8221;.vc_custom_1462444330925{padding-top: 20px !important;}&#8221;][vc_column_inner el_class=&#8221;card card-2&#8243; width=&#8221;1\/12&#8243; css=&#8221;.vc_custom_1462519531075{margin-right: 2px !important;padding-right: 0px !important;}&#8221;][\/vc_column_inner][vc_column_inner el_class=&#8221;card card-3&#8243; width=&#8221;1\/6&#8243;][vc_single_image image=&#8221;5603&#8243; img_size=&#8221;medium&#8221; alignment=&#8221;center&#8221; css_animation=&#8221;top-to-bottom&#8221; css=&#8221;.vc_custom_1462868711512{padding-top: 15px !important;padding-bottom: 15px !important;}&#8221;][vc_column_text css_animation=&#8221;bottom-to-top&#8221;]<\/p>\n<p style=\"text-align: center;\">Arquitecte responsable de la teva reforma<\/p>\n<p>[\/vc_column_text][\/vc_column_inner][vc_column_inner el_class=&#8221;card card-3&#8243; width=&#8221;1\/6&#8243;][vc_single_image image=&#8221;5594&#8243; img_size=&#8221;medium&#8221; alignment=&#8221;center&#8221; css_animation=&#8221;left-to-right&#8221; css=&#8221;.vc_custom_1462868689418{padding-top: 15px !important;padding-bottom: 15px !important;}&#8221;][vc_column_text css_animation=&#8221;left-to-right&#8221;]<\/p>\n<p style=\"text-align: center;\">Servei d\u2019interiorisme incl\u00f2s<\/p>\n<p>[\/vc_column_text][\/vc_column_inner][vc_column_inner el_class=&#8221;card card-3&#8243; width=&#8221;1\/6&#8243;][vc_single_image image=&#8221;5591&#8243; img_size=&#8221;medium&#8221; alignment=&#8221;center&#8221; css_animation=&#8221;right-to-left&#8221; css=&#8221;.vc_custom_1462868752101{padding-top: 15px !important;padding-bottom: 15px !important;}&#8221;][vc_column_text css_animation=&#8221;right-to-left&#8221;]<\/p>\n<p style=\"text-align: center;\">Garantia d\u2019obra<\/p>\n<p>[\/vc_column_text][\/vc_column_inner][vc_column_inner el_class=&#8221;card card-3&#8243; width=&#8221;1\/6&#8243;][vc_single_image image=&#8221;5597&#8243; img_size=&#8221;medium&#8221; alignment=&#8221;center&#8221; css_animation=&#8221;right-to-left&#8221; css=&#8221;.vc_custom_1462868733312{padding-top: 15px !important;padding-bottom: 15px !important;}&#8221;][vc_column_text css_animation=&#8221;right-to-left&#8221;]<\/p>\n<p style=\"text-align: center;\">Tarifes competitives<\/p>\n<p>[\/vc_column_text][\/vc_column_inner][vc_column_inner el_class=&#8221;card card-3&#8243; width=&#8221;1\/6&#8243;][vc_single_image image=&#8221;5600&#8243; img_size=&#8221;medium&#8221; alignment=&#8221;center&#8221; css_animation=&#8221;left-to-right&#8221; css=&#8221;.vc_custom_1462865882917{padding-top: 15px !important;padding-bottom: 15px !important;}&#8221;][vc_column_text css_animation=&#8221;left-to-right&#8221;]<\/p>\n<p style=\"text-align: center;\">Projecte en 3D i sense comprom\u00eds<\/p>\n<p>[\/vc_column_text][\/vc_column_inner][vc_column_inner width=&#8221;1\/12&#8243;][\/vc_column_inner][\/vc_row_inner][\/vc_column][\/vc_row][vc_row css=&#8221;.vc_custom_1465912459227{background: #f4f4f4 url(https:\/\/www.adaptareformas.es\/wp-content\/uploads\/2013\/01\/logo_A-horizontal.png?id=7988) !important;background-position: center !important;background-repeat: no-repeat !important;background-size: contain !important;}&#8221;][vc_column][vc_column_text]<\/p>\n<h2 style=\"text-align: center;\">&nbsp;Demana&#8217;ns pressupost de reformes exteriors<\/h2>\n<p>[\/vc_column_text]\n<div class=\"wpcf7 no-js\" id=\"wpcf7-f4915-o1\" lang=\"es-ES\" dir=\"ltr\" data-wpcf7-id=\"4915\">\n<div class=\"screen-reader-response\"><p role=\"status\" aria-live=\"polite\" aria-atomic=\"true\"><\/p> <ul><\/ul><\/div>\n<form action=\"\/ca\/wp-json\/wp\/v2\/pages\/3769#wpcf7-f4915-o1\" method=\"post\" class=\"wpcf7-form init wpcf7-acceptance-as-validation\" aria-label=\"Formulario de contacto\" novalidate=\"novalidate\" data-status=\"init\">\n<fieldset class=\"hidden-fields-container\"><input type=\"hidden\" name=\"_wpcf7\" value=\"4915\" \/><input type=\"hidden\" name=\"_wpcf7_version\" value=\"6.1.4\" \/><input type=\"hidden\" name=\"_wpcf7_locale\" value=\"es_ES\" \/><input type=\"hidden\" name=\"_wpcf7_unit_tag\" value=\"wpcf7-f4915-o1\" \/><input type=\"hidden\" name=\"_wpcf7_container_post\" value=\"0\" \/><input type=\"hidden\" name=\"_wpcf7_posted_data_hash\" value=\"\" \/>\n<\/fieldset>\n<div class=\"vc_col-sm-12\">\n\t<p>Nom: *\n\t<\/p>\n\t<p><span class=\"wpcf7-form-control-wrap\" data-name=\"your-name\"><input size=\"40\" maxlength=\"400\" class=\"wpcf7-form-control wpcf7-text wpcf7-validates-as-required\" aria-required=\"true\" aria-invalid=\"false\" value=\"\" type=\"text\" name=\"your-name\" \/><\/span>\n\t<\/p>\n<\/div>\n<div class=\"vc_col-sm-6\">\n\t<p>Adre\u00e7a electr\u00f2nica: *\n\t<\/p>\n\t<p><span class=\"wpcf7-form-control-wrap\" data-name=\"your-email\"><input size=\"40\" maxlength=\"400\" class=\"wpcf7-form-control wpcf7-email wpcf7-validates-as-required wpcf7-text wpcf7-validates-as-email\" aria-required=\"true\" aria-invalid=\"false\" value=\"\" type=\"email\" name=\"your-email\" \/><\/span>\n\t<\/p>\n<\/div>\n<div class=\"vc_col-sm-6\">\n\t<p>N\u00famero de tel\u00e8fon: *\n\t<\/p>\n\t<p><span class=\"wpcf7-form-control-wrap\" data-name=\"tel-693\"><input size=\"40\" maxlength=\"400\" class=\"wpcf7-form-control wpcf7-tel wpcf7-validates-as-required wpcf7-text wpcf7-validates-as-tel\" aria-required=\"true\" aria-invalid=\"false\" value=\"\" type=\"tel\" name=\"tel-693\" \/><\/span>\n\t<\/p>\n<\/div>\n<div class=\"vc_col-sm-12\">\n\t<p>Missatge: *\n\t<\/p>\n\t<p><span class=\"wpcf7-form-control-wrap\" data-name=\"your-message\"><textarea cols=\"40\" rows=\"10\" maxlength=\"2000\" class=\"wpcf7-form-control wpcf7-textarea wpcf7-validates-as-required\" aria-required=\"true\" aria-invalid=\"false\" name=\"your-message\"><\/textarea><\/span>\n\t<\/p>\n<\/div>\n<div class=\"vc_col-sm-12\">\n\t<p><span class=\"wpcf7-form-control-wrap\" data-name=\"privacy-policy\"><span class=\"wpcf7-form-control wpcf7-acceptance\"><span class=\"wpcf7-list-item\"><label><input type=\"checkbox\" name=\"privacy-policy\" value=\"1\" aria-invalid=\"false\" \/><span class=\"wpcf7-list-item-label\">* Accepto la <a href=\"https:\/\/www.adaptareformas.es\/ca\/politica-de-privacitat\/\" rel=\"no-index no-follow\" target=\"_blank\">pol\u00edtica de privacitat<\/a><\/span><\/label><\/span><\/span><\/span>\n\t<\/p>\n<\/div>\n<div class=\"vc_col-sm-6\" style=\"margin-top:10px;\">\n\t<p><input class=\"wpcf7-form-control wpcf7-submit has-spinner\" type=\"submit\" value=\"Enviar\" \/>\n\t<\/p>\n<\/div><input type=\"text\" name=\"TdZAv\" value=\"\" style=\"display: none !important;\" \/><div class=\"wpcf7-response-output\" aria-hidden=\"true\"><\/div>\n<\/form>\n<\/div>\n[\/vc_column][\/vc_row][vc_row css=&#8221;.vc_custom_1462520323150{margin-top: 20px !important;margin-bottom: 0px !important;padding-top: 20px !important;padding-bottom: 0px !important;background-color: #ededed !important;}&#8221;][vc_column][vc_column_text]<\/p>\n<h2 style=\"text-align: center;\" align=\"JUSTIFY\">Alguns dels nostres projectes de reforma<\/h2>\n<p>[\/vc_column_text][\/vc_column][\/vc_row][vc_row background_style=&#8221;full&#8221; css=&#8221;.vc_custom_1462450507132{margin-top: 0px !important;margin-bottom: 0px !important;padding-top: 0px !important;padding-bottom: 0px !important;}&#8221;][vc_column css=&#8221;.vc_custom_1462450571958{margin-bottom: 0px !important;padding-bottom: 0px !important;}&#8221;][vc_masonry_grid post_type=&#8221;page&#8221; max_items=&#8221;6&#8243; element_width=&#8221;2&#8243; gap=&#8221;3&#8243; orderby=&#8221;rand&#8221; item=&#8221;basicGrid_GoTopSlideout&#8221; grid_id=&#8221;vc_gid:1737835939195-3935f34d-31b6-6&#8243; taxonomies=&#8221;284&#8243; css=&#8221;.vc_custom_1465819847492{margin-bottom: 0px !important;padding-bottom: 0px !important;}&#8221;][\/vc_column][\/vc_row][vc_row full_width=&#8221;stretch_row&#8221; css=&#8221;.vc_custom_1462869997538{padding-top: 20px !important;padding-bottom: 20px !important;background-image: url(https:\/\/www.adaptareformas.es\/wp-content\/uploads\/2013\/01\/fondo-cta-presupuesto.jpg?id=5766) !important;}&#8221; el_class=&#8221;stretch-box&#8221;][vc_column][vc_row_inner][vc_column_inner][vc_column_text]<\/p>\n<h2 style=\"text-align: center;\"><span style=\"color: #222222;\"><span id=\"result_box\" class=\"short_text\" lang=\"ca\">Deixa&#8217;ns la teva opini\u00f3 sobre les nostres reformes d&#8217;exterior<\/span><\/span><\/h2>\n<p style=\"text-align: center;\"><span style=\"color: #222222;\"><span id=\"result_box\" class=\"short_text\" lang=\"ca\">Un client satisfet \u00e9s la nostra <span class=\"\">ra\u00f3 de ser.<\/span><\/span><\/span><\/p>\n<p style=\"text-align: center;\"><a href=\"\/ca\/teva-opinio\" class=\"btn btn-primary btn-primary-white\" target=\"_self\">Deixa'ns la teva Opini\u00f3<\/a><\/p>\n<p>[\/vc_column_text][\/vc_column_inner][\/vc_row_inner][\/vc_column][\/vc_row]<\/p>\n","protected":false},"excerpt":{"rendered":"<p>[vc_row css=&#8221;.vc_custom_1463054085987{padding-top: 100px !important;padding-bottom: 75px !important;background-image: url(https:\/\/www.adaptareformas.es\/wp-content\/uploads\/2016\/05\/slide-reforma-exteriores.jpg?id=5834) !important;}&#8221;][vc_column][\/vc_column][\/vc_row][vc_row css=&#8221;.vc_custom_1463054502193{margin-top: 0px !important;margin-bottom: 0px !important;padding-top: 30px !important;padding-bottom: 0px !important;}&#8221;][vc_column width=&#8221;1\/2&#8243;][\/vc_column][vc_column width=&#8221;1\/2&#8243;][\/vc_column][\/vc_row][vc_row css=&#8221;.vc_custom_1737836395693{margin-top:&#8230;<\/p>\n","protected":false},"author":2,"featured_media":0,"parent":0,"menu_order":1,"comment_status":"open","ping_status":"closed","template":"","meta":{"ngg_post_thumbnail":0,"footnotes":""},"class_list":["post-3769","page","type-page","status-publish","hentry"],"_links":{"self":[{"href":"https:\/\/www.adaptareformas.es\/ca\/wp-json\/wp\/v2\/pages\/3769","targetHints":{"allow":["GET"]}}],"collection":[{"href":"https:\/\/www.adaptareformas.es\/ca\/wp-json\/wp\/v2\/pages"}],"about":[{"href":"https:\/\/www.adaptareformas.es\/ca\/wp-json\/wp\/v2\/types\/page"}],"author":[{"embeddable":true,"href":"https:\/\/www.adaptareformas.es\/ca\/wp-json\/wp\/v2\/users\/2"}],"replies":[{"embeddable":true,"href":"https:\/\/www.adaptareformas.es\/ca\/wp-json\/wp\/v2\/comments?post=3769"}],"version-history":[{"count":20,"href":"https:\/\/www.adaptareformas.es\/ca\/wp-json\/wp\/v2\/pages\/3769\/revisions"}],"predecessor-version":[{"id":12449,"href":"https:\/\/www.adaptareformas.es\/ca\/wp-json\/wp\/v2\/pages\/3769\/revisions\/12449"}],"wp:attachment":[{"href":"https:\/\/www.adaptareformas.es\/ca\/wp-json\/wp\/v2\/media?parent=3769"}],"curies":[{"name":"wp","href":"https:\/\/api.w.org\/{rel}","templated":true}]}}