{"id":3772,"date":"2014-12-02T12:23:51","date_gmt":"2014-12-02T11:23:51","guid":{"rendered":"https:\/\/www.adaptareformas.es\/reformes-dhabitatges\/instal%c2%b7lacions\/"},"modified":"2016-12-21T17:07:11","modified_gmt":"2016-12-21T16:07:11","slug":"instal%c2%b7lacions","status":"publish","type":"page","link":"https:\/\/www.adaptareformas.es\/ca\/reformes-dhabitatges\/instal%c2%b7lacions\/","title":{"rendered":"Instal\u00b7lacions i manteniment"},"content":{"rendered":"<p>[vc_row css=&#8221;.vc_custom_1462891430582{padding-top: 100px !important;padding-bottom: 75px !important;background-image: url(https:\/\/www.adaptareformas.es\/wp-content\/uploads\/2016\/05\/slide-reformas-viviendas.jpg?id=5841) !important;}&#8221;][vc_column]<div class=\"text-center\"><h1 class=\"text-white\">INSTAL\u00b7LACIONS I MANTENIMENT<\/h1><\/div>[\/vc_column][\/vc_row][vc_row css=&#8221;.vc_custom_1462891472615{margin-top: 0px !important;margin-bottom: 0px !important;padding-top: 30px !important;padding-bottom: 0px !important;}&#8221;][vc_column width=&#8221;1\/2&#8243;]<div class=\"feature\"><p><strong>ADAPTA<\/strong>\u00a0realitza tasques d\u2019<strong>instal\u00b7lacions el\u00e8ctriques<\/strong>,\u00a0<strong>manteniment<\/strong>\u00a0i conservaci\u00f3 dels <strong>subministraments<\/strong>\u00a0i serveis b\u00e0sics del teu habitatge. El nostre equip de\u00a0<strong>t\u00e8cnics<\/strong>\u00a0est\u00e0 a la teva disposici\u00f3 per assessorar-te en la millor soluci\u00f3 per aconseguir un habitatge comfortable i ajustar-nos al teu <strong>pressupost<\/strong>. T&#8217;ajudem amb les instal\u00b7lacions de:<\/p>\n<\/div>[\/vc_column][vc_column width=&#8221;1\/2&#8243;][vc_tta_tour][vc_tta_section title=&#8221;Electricitat&#8221; tab_id=&#8221;1463039745586-46a9e193-2239&#8243;][vc_column_text]<\/p>\n<ul class=\"check\">\n<li>Renovem la <strong>instal\u00b7laci\u00f3 el\u00e8ctrica<\/strong> i l&#8217;adaptem a la normativa vigent.<\/li>\n<li><strong>Analitzem<\/strong>\u00a0pr\u00e8viament les\u00a0<strong>necessitats<\/strong>\u00a0del teu habitatge per tal de dotar la instal\u00b7laci\u00f3 de la capacitat necess\u00e0ria, i aix\u00ed evitem problemes futurs.<\/li>\n<li>Incorporem <strong>sistemes de racionalitzaci\u00f3 del consum<\/strong>.<\/li>\n<li><strong>Certifiquem<\/strong> la instal\u00b7laci\u00f3 realitzada.<\/li>\n<\/ul>\n<p>[\/vc_column_text][\/vc_tta_section][vc_tta_section title=&#8221;Aigua&#8221; tab_id=&#8221;1463039745762-56eac2e6-364e&#8221;][vc_column_text]<\/p>\n<ul class=\"check\">\n<li>Instal\u00b7laci\u00f3 de la xarxa d&#8217;<strong>aigua sanit\u00e0ria<\/strong> (aigua potable)<\/li>\n<li>Instal\u00b7laci\u00f3 de la xarxa de sanejament (<strong>aig\u00fces residuals<\/strong> i pluvials)<\/li>\n<li>Calefacci\u00f3 per <strong>caldera i radiadors<\/strong><\/li>\n<li><strong>Terra radiant<\/strong> per aigua<\/li>\n<li>Instal\u00b7laci\u00f3 de <strong>calderes<\/strong>, <strong>termos<\/strong> i <strong>escalfadors<\/strong><\/li>\n<\/ul>\n<p>[\/vc_column_text][\/vc_tta_section][vc_tta_section title=&#8221;Gas&#8221; tab_id=&#8221;1463039890433-91783ec1-30a5&#8243;][vc_column_text]<\/p>\n<ul class=\"check\">\n<li>Instal\u00b7laci\u00f3 per a <strong>gas but\u00e0<\/strong><\/li>\n<li>Instal\u00b7laci\u00f3 per a <strong>gas<\/strong><strong> natural<\/strong><\/li>\n<li>Instal\u00b7laci\u00f3 de <strong>calderes i escalfadors<\/strong><\/li>\n<li>Instal\u00b7laci\u00f3 realitzada per un <strong>t\u00e8cnic autoritzat<\/strong><\/li>\n<li><strong>Certifiquem<\/strong> la instal\u00b7laci\u00f3 realitzada<\/li>\n<\/ul>\n<p>[\/vc_column_text][\/vc_tta_section][vc_tta_section title=&#8221;Telecomunicacions&#8221; tab_id=&#8221;1463039894192-cf41c99d-ccc2&#8243;][vc_column_text]<\/p>\n<ul class=\"check\">\n<li><strong>Televisi\u00f3<\/strong><\/li>\n<li><strong>Telefonia<\/strong> i <strong>internet<\/strong><\/li>\n<li>Porter autom\u00e0tic i <strong>videoporter<\/strong><\/li>\n<li>Sistemes <strong>audiovisuals<\/strong><\/li>\n<\/ul>\n<p>[\/vc_column_text][\/vc_tta_section][vc_tta_section title=&#8221;Dom\u00f2tica&#8221; tab_id=&#8221;1463039907247-abfef313-ecd0&#8243;][vc_column_text]Una <strong>instal\u00b7laci\u00f3 dom\u00f2tica<\/strong> permet gestionar els sistemes de control de la seva llar en una \u00fanica xarxa, creant <strong>habitatges i edificis autom\u00e0tics<\/strong>.<\/p>\n<p>Un <strong>habitatge dom\u00f2tic o digital<\/strong> est\u00e0 dotat d\u2019automatismes que permeten <strong>millorar la qualitat de vida<\/strong> dels seus habitants. Es redueix el <strong>treball dom\u00e8stic<\/strong>, augmenta la seguretat i es racionalitzen els recursos, de tal manera que es redueix el consum.<\/p>\n<p>El<strong> control<\/strong> d\u2019aquesta xarxa pot ser remot i sense fils mitjan\u00e7ant el tel\u00e8fon, PDA, internet, pantalla t\u00e0ctil o altres dispositius.[\/vc_column_text][\/vc_tta_section][vc_tta_section title=&#8221;Seguretat&#8221; tab_id=&#8221;1463039909101-dabe2289-1e4f&#8221;][vc_column_text]<\/p>\n<ul class=\"check\">\n<li>Sistemas contra <strong>incendis<\/strong><\/li>\n<li>Sistemas d&#8217;<strong>alarma<\/strong><\/li>\n<li>C\u00e0meres de <strong>seguretat<\/strong><\/li>\n<li><strong>Caixes fortes<\/strong><\/li>\n<li><strong>Parallamps<\/strong><\/li>\n<\/ul>\n<p>[\/vc_column_text][\/vc_tta_section][vc_tta_section title=&#8221;Solar&#8221; tab_id=&#8221;1463039910217-0a2a684f-a614&#8243;][vc_column_text]<\/p>\n<ul>\n<li>Instal\u00b7laci\u00f3 solar t\u00e8rmica<\/li>\n<li>Instal\u00b7laci\u00f3 solar fotovoltaica<\/li>\n<\/ul>\n<p>[\/vc_column_text][\/vc_tta_section][\/vc_tta_tour][\/vc_column][\/vc_row][vc_row css=&#8221;.vc_custom_1462520311295{margin-top: 0px !important;padding-top: 20px !important;}&#8221;][vc_column]<div class=\"feature\"><\/p>\n<h2 style=\"text-align: center;\"><span id=\"result_box\" class=\"short_text\" lang=\"ca\"><span class=\"\">Per<\/span> <span class=\"\">qu\u00e8 escollir<\/span><\/span> Adapta Reformas<\/h2>\n<p>\n<\/div>[vc_row_inner css=&#8221;.vc_custom_1462444330925{padding-top: 20px !important;}&#8221;][vc_column_inner el_class=&#8221;card card-2&#8243; width=&#8221;1\/12&#8243; css=&#8221;.vc_custom_1462519531075{margin-right: 2px !important;padding-right: 0px !important;}&#8221;][\/vc_column_inner][vc_column_inner el_class=&#8221;card card-3&#8243; width=&#8221;1\/6&#8243;][vc_single_image image=&#8221;5603&#8243; img_size=&#8221;medium&#8221; alignment=&#8221;center&#8221; css_animation=&#8221;top-to-bottom&#8221; css=&#8221;.vc_custom_1462868711512{padding-top: 15px !important;padding-bottom: 15px !important;}&#8221;][vc_column_text css_animation=&#8221;bottom-to-top&#8221;]<\/p>\n<p style=\"text-align: center;\">Arquitecte responsable de la teva reforma<\/p>\n<p>[\/vc_column_text][\/vc_column_inner][vc_column_inner el_class=&#8221;card card-3&#8243; width=&#8221;1\/6&#8243;][vc_single_image image=&#8221;5594&#8243; img_size=&#8221;medium&#8221; alignment=&#8221;center&#8221; css_animation=&#8221;left-to-right&#8221; css=&#8221;.vc_custom_1462868689418{padding-top: 15px !important;padding-bottom: 15px !important;}&#8221;][vc_column_text css_animation=&#8221;left-to-right&#8221;]<\/p>\n<p style=\"text-align: center;\">Servei d\u2019interiorisme<\/p>\n<p>[\/vc_column_text][\/vc_column_inner][vc_column_inner el_class=&#8221;card card-3&#8243; width=&#8221;1\/6&#8243;][vc_single_image image=&#8221;5591&#8243; img_size=&#8221;medium&#8221; alignment=&#8221;center&#8221; css_animation=&#8221;right-to-left&#8221; css=&#8221;.vc_custom_1462868752101{padding-top: 15px !important;padding-bottom: 15px !important;}&#8221;][vc_column_text css_animation=&#8221;right-to-left&#8221;]<\/p>\n<p style=\"text-align: center;\">Garantia d\u2019obra<\/p>\n<p>[\/vc_column_text][\/vc_column_inner][vc_column_inner el_class=&#8221;card card-3&#8243; width=&#8221;1\/6&#8243;][vc_single_image image=&#8221;5597&#8243; img_size=&#8221;medium&#8221; alignment=&#8221;center&#8221; css_animation=&#8221;right-to-left&#8221; css=&#8221;.vc_custom_1462868733312{padding-top: 15px !important;padding-bottom: 15px !important;}&#8221;][vc_column_text css_animation=&#8221;right-to-left&#8221;]<\/p>\n<p style=\"text-align: center;\">Tarifes competitives<\/p>\n<p>[\/vc_column_text][\/vc_column_inner][vc_column_inner el_class=&#8221;card card-3&#8243; width=&#8221;1\/6&#8243;][vc_single_image image=&#8221;5600&#8243; img_size=&#8221;medium&#8221; alignment=&#8221;center&#8221; css_animation=&#8221;left-to-right&#8221; css=&#8221;.vc_custom_1462865882917{padding-top: 15px !important;padding-bottom: 15px !important;}&#8221;][vc_column_text css_animation=&#8221;left-to-right&#8221;]<\/p>\n<p style=\"text-align: center;\">Simulaci\u00f3 2D-3D del projecte<\/p>\n<p>[\/vc_column_text][\/vc_column_inner][vc_column_inner width=&#8221;1\/12&#8243;][\/vc_column_inner][\/vc_row_inner][\/vc_column][\/vc_row][vc_row css=&#8221;.vc_custom_1465914425985{background: #f4f4f4 url(https:\/\/www.adaptareformas.es\/wp-content\/uploads\/2013\/01\/logo_A-horizontal.png?id=7988) !important;background-position: center !important;background-repeat: no-repeat !important;background-size: contain !important;}&#8221;][vc_column][vc_column_text]<\/p>\n<h2 style=\"text-align: center;\">\u00a0Demana&#8217;ns pressupost\u00a0d&#8217;instal\u00b7lacions i manteniment<\/h2>\n<p>[\/vc_column_text]\n<div class=\"wpcf7 no-js\" id=\"wpcf7-f4915-o1\" lang=\"es-ES\" dir=\"ltr\" data-wpcf7-id=\"4915\">\n<div class=\"screen-reader-response\"><p role=\"status\" aria-live=\"polite\" aria-atomic=\"true\"><\/p> <ul><\/ul><\/div>\n<form action=\"\/ca\/wp-json\/wp\/v2\/pages\/3772#wpcf7-f4915-o1\" method=\"post\" class=\"wpcf7-form init wpcf7-acceptance-as-validation\" aria-label=\"Formulario de contacto\" novalidate=\"novalidate\" data-status=\"init\">\n<fieldset class=\"hidden-fields-container\"><input type=\"hidden\" name=\"_wpcf7\" value=\"4915\" \/><input type=\"hidden\" name=\"_wpcf7_version\" value=\"6.1.4\" \/><input type=\"hidden\" name=\"_wpcf7_locale\" value=\"es_ES\" \/><input type=\"hidden\" name=\"_wpcf7_unit_tag\" value=\"wpcf7-f4915-o1\" \/><input type=\"hidden\" name=\"_wpcf7_container_post\" value=\"0\" \/><input type=\"hidden\" name=\"_wpcf7_posted_data_hash\" value=\"\" \/>\n<\/fieldset>\n<div class=\"vc_col-sm-12\">\n\t<p>Nom: *\n\t<\/p>\n\t<p><span class=\"wpcf7-form-control-wrap\" data-name=\"your-name\"><input size=\"40\" maxlength=\"400\" class=\"wpcf7-form-control wpcf7-text wpcf7-validates-as-required\" aria-required=\"true\" aria-invalid=\"false\" value=\"\" type=\"text\" name=\"your-name\" \/><\/span>\n\t<\/p>\n<\/div>\n<div class=\"vc_col-sm-6\">\n\t<p>Adre\u00e7a electr\u00f2nica: *\n\t<\/p>\n\t<p><span class=\"wpcf7-form-control-wrap\" data-name=\"your-email\"><input size=\"40\" maxlength=\"400\" class=\"wpcf7-form-control wpcf7-email wpcf7-validates-as-required wpcf7-text wpcf7-validates-as-email\" aria-required=\"true\" aria-invalid=\"false\" value=\"\" type=\"email\" name=\"your-email\" \/><\/span>\n\t<\/p>\n<\/div>\n<div class=\"vc_col-sm-6\">\n\t<p>N\u00famero de tel\u00e8fon: *\n\t<\/p>\n\t<p><span class=\"wpcf7-form-control-wrap\" data-name=\"tel-693\"><input size=\"40\" maxlength=\"400\" class=\"wpcf7-form-control wpcf7-tel wpcf7-validates-as-required wpcf7-text wpcf7-validates-as-tel\" aria-required=\"true\" aria-invalid=\"false\" value=\"\" type=\"tel\" name=\"tel-693\" \/><\/span>\n\t<\/p>\n<\/div>\n<div class=\"vc_col-sm-12\">\n\t<p>Missatge: *\n\t<\/p>\n\t<p><span class=\"wpcf7-form-control-wrap\" data-name=\"your-message\"><textarea cols=\"40\" rows=\"10\" maxlength=\"2000\" class=\"wpcf7-form-control wpcf7-textarea wpcf7-validates-as-required\" aria-required=\"true\" aria-invalid=\"false\" name=\"your-message\"><\/textarea><\/span>\n\t<\/p>\n<\/div>\n<div class=\"vc_col-sm-12\">\n\t<p><span class=\"wpcf7-form-control-wrap\" data-name=\"privacy-policy\"><span class=\"wpcf7-form-control wpcf7-acceptance\"><span class=\"wpcf7-list-item\"><label><input type=\"checkbox\" name=\"privacy-policy\" value=\"1\" aria-invalid=\"false\" \/><span class=\"wpcf7-list-item-label\">* Accepto la <a href=\"https:\/\/www.adaptareformas.es\/ca\/politica-de-privacitat\/\" rel=\"no-index no-follow\" target=\"_blank\">pol\u00edtica de privacitat<\/a><\/span><\/label><\/span><\/span><\/span>\n\t<\/p>\n<\/div>\n<div class=\"vc_col-sm-6\" style=\"margin-top:10px;\">\n\t<p><input class=\"wpcf7-form-control wpcf7-submit has-spinner\" type=\"submit\" value=\"Enviar\" \/>\n\t<\/p>\n<\/div><input type=\"text\" name=\"TdZAv\" value=\"\" style=\"display: none !important;\" \/><div class=\"wpcf7-response-output\" aria-hidden=\"true\"><\/div>\n<\/form>\n<\/div>\n[\/vc_column][\/vc_row][vc_row css=&#8221;.vc_custom_1462272087563{margin-top: 0px !important;margin-bottom: 0px !important;padding-top: 0px !important;padding-bottom: 0px !important;}&#8221;][vc_column][vc_row_inner css=&#8221;.vc_custom_1462446532104{padding-top: 20px !important;padding-bottom: 20px !important;}&#8221;][vc_column_inner el_class=&#8221;card card-1&#8243; width=&#8221;1\/4&#8243;][vc_single_image image=&#8221;8317&#8243; img_size=&#8221;medium&#8221; onclick=&#8221;custom_link&#8221; link=&#8221;\/reformas-de-vivienda\/reforma-integral-vivienda\/&#8221;]<div class=\"lead text-center \"><\/p>\n<h3><a href=\"\/?page_id=3762\">Reformes Integrals<\/a><\/h3>\n<p>Reformes completes d\u2019habitatges per adaptar-les a les teves necessitats, gustos i pressupost.<\/p>\n<\/div>[\/vc_column_inner][vc_column_inner el_class=&#8221;card card-1&#8243; width=&#8221;1\/4&#8243;][vc_single_image image=&#8221;8309&#8243; img_size=&#8221;medium&#8221; onclick=&#8221;custom_link&#8221; link=&#8221;\/reformas-de-vivienda\/&#8221;]<div class=\"lead text-center \"><\/p>\n<h3><a href=\"https:\/\/www.adaptareformas.es\/ca\/reformes-dhabitatges\/\">Reformes d&#8217;Habitatges<\/a><\/h3>\n<p>Reformes de pisos per estances: cuina, bany, habitacions, climatitzaci\u00f3, fusteria, dom\u00f2tica\u2026<\/p>\n<\/div>[\/vc_column_inner][vc_column_inner el_class=&#8221;card card-1&#8243; width=&#8221;1\/4&#8243;][vc_single_image image=&#8221;5661&#8243; img_size=&#8221;medium&#8221; onclick=&#8221;custom_link&#8221; link=&#8221;\/reformas-de-exterior\/&#8221;]<div class=\"lead text-center \"><\/p>\n<h3><a href=\"https:\/\/www.adaptareformas.es\/ca\/reformes-exterior\/\">Reformes d&#8217;Exterior<\/a><\/h3>\n<p>Reformes de terrats, patis, rehabilitaci\u00f3 de fa\u00e7anes&#8230;Recupera espais perduts.<\/p>\n<\/div>[\/vc_column_inner][vc_column_inner el_class=&#8221;card card-1&#8243; width=&#8221;1\/4&#8243;][vc_single_image image=&#8221;8320&#8243; img_size=&#8221;medium&#8221; onclick=&#8221;custom_link&#8221; link=&#8221;\/locales-comerciales-y-oficinas\/&#8221;]<div class=\"lead text-center \"><\/p>\n<h3><a href=\"https:\/\/www.adaptareformas.es\/ca\/locals-comercials-i-oficines\/\">Locals i Oficines<\/a><\/h3>\n<p>Reformes d&#8217;espais comercials que reflecteixen la teva imatge corporativa sense perdre el teu toc personal<\/p>\n<\/div>[\/vc_column_inner][\/vc_row_inner][\/vc_column][\/vc_row][vc_row full_width=&#8221;stretch_row&#8221; css=&#8221;.vc_custom_1462869997538{padding-top: 20px !important;padding-bottom: 20px !important;background-image: url(https:\/\/www.adaptareformas.es\/wp-content\/uploads\/2013\/01\/fondo-cta-presupuesto.jpg?id=5766) !important;}&#8221; el_class=&#8221;stretch-box&#8221;][vc_column][vc_row_inner][vc_column_inner][vc_column_text]<\/p>\n<h2 style=\"text-align: center;\"><span style=\"color: #222222;\"><span id=\"result_box\" class=\"short_text\" lang=\"ca\">Deixa&#8217;ns la teva opini\u00f3 sobre les nostres instal\u00b7lacions<\/span><\/span><\/h2>\n<p style=\"text-align: center;\"><span style=\"color: #222222;\"><span id=\"result_box\" class=\"short_text\" lang=\"ca\">Un client satisfet \u00e9s la nostra <span class=\"\">ra\u00f3 de ser.<\/span><\/span><\/span><\/p>\n<p style=\"text-align: center;\"><a href=\"\/ca\/teva-opinio\" class=\"btn btn-primary btn-primary-white\" target=\"_self\">Deixa'ns la teva Opini\u00f3<\/a><\/p>\n<p>[\/vc_column_text][\/vc_column_inner][\/vc_row_inner][\/vc_column][\/vc_row]<\/p>\n","protected":false},"excerpt":{"rendered":"<p>[vc_row css=&#8221;.vc_custom_1462891430582{padding-top: 100px !important;padding-bottom: 75px !important;background-image: url(https:\/\/www.adaptareformas.es\/wp-content\/uploads\/2016\/05\/slide-reformas-viviendas.jpg?id=5841) !important;}&#8221;][vc_column][\/vc_column][\/vc_row][vc_row css=&#8221;.vc_custom_1462891472615{margin-top: 0px !important;margin-bottom: 0px !important;padding-top: 30px !important;padding-bottom: 0px !important;}&#8221;][vc_column width=&#8221;1\/2&#8243;][\/vc_column][vc_column width=&#8221;1\/2&#8243;][vc_tta_tour][vc_tta_section title=&#8221;Electricitat&#8221;&#8230;<\/p>\n","protected":false},"author":1,"featured_media":0,"parent":3534,"menu_order":5,"comment_status":"closed","ping_status":"closed","template":"","meta":{"ngg_post_thumbnail":0,"footnotes":""},"class_list":["post-3772","page","type-page","status-publish","hentry"],"_links":{"self":[{"href":"https:\/\/www.adaptareformas.es\/ca\/wp-json\/wp\/v2\/pages\/3772","targetHints":{"allow":["GET"]}}],"collection":[{"href":"https:\/\/www.adaptareformas.es\/ca\/wp-json\/wp\/v2\/pages"}],"about":[{"href":"https:\/\/www.adaptareformas.es\/ca\/wp-json\/wp\/v2\/types\/page"}],"author":[{"embeddable":true,"href":"https:\/\/www.adaptareformas.es\/ca\/wp-json\/wp\/v2\/users\/1"}],"replies":[{"embeddable":true,"href":"https:\/\/www.adaptareformas.es\/ca\/wp-json\/wp\/v2\/comments?post=3772"}],"version-history":[{"count":16,"href":"https:\/\/www.adaptareformas.es\/ca\/wp-json\/wp\/v2\/pages\/3772\/revisions"}],"predecessor-version":[{"id":8777,"href":"https:\/\/www.adaptareformas.es\/ca\/wp-json\/wp\/v2\/pages\/3772\/revisions\/8777"}],"up":[{"embeddable":true,"href":"https:\/\/www.adaptareformas.es\/ca\/wp-json\/wp\/v2\/pages\/3534"}],"wp:attachment":[{"href":"https:\/\/www.adaptareformas.es\/ca\/wp-json\/wp\/v2\/media?parent=3772"}],"curies":[{"name":"wp","href":"https:\/\/api.w.org\/{rel}","templated":true}]}}