{"id":3806,"date":"2014-12-02T16:50:15","date_gmt":"2014-12-02T15:50:15","guid":{"rendered":"https:\/\/www.adaptareformas.es\/reformes-dexterior-2\/patis-interiors\/"},"modified":"2016-12-27T11:47:16","modified_gmt":"2016-12-27T10:47:16","slug":"patis-interiors","status":"publish","type":"page","link":"https:\/\/www.adaptareformas.es\/ca\/reformes-exterior\/patis-interiors\/","title":{"rendered":"Patis interiors"},"content":{"rendered":"<p>[vc_row css=&#8221;.vc_custom_1463041642149{padding-top: 100px !important;padding-bottom: 75px !important;background-image: url(https:\/\/www.adaptareformas.es\/wp-content\/uploads\/2016\/05\/slide-reforma-exteriores.jpg?id=5834) !important;}&#8221;][vc_column]<div class=\"text-center\"><h1 class=\"text-white\">REHABILITACI\u00d3 I DECORACI\u00d3 DE PATIS INTERIORS<\/h1><\/div>[\/vc_column][\/vc_row][vc_row css=&#8221;.vc_custom_1462891472615{margin-top: 0px !important;margin-bottom: 0px !important;padding-top: 30px !important;padding-bottom: 0px !important;}&#8221;][vc_column width=&#8221;1\/2&#8243;]<div class=\"feature\"><p><b>ADAPTA <\/b>ofereix els serveis de <strong>rehabilitaci\u00f3<\/strong> i <strong>reparaci\u00f3<\/strong> de <strong>patis interiors, vest\u00edbuls i escales<\/strong>. Realitzem un <strong>estudi econ\u00f2mic<\/strong> previ en base al <strong>projecte d&#8217;obres<\/strong>, per tal d&#8217;ajustar el pressupost a las demandes t\u00e8cniques. En cas que no disposis d&#8217;un projecte, el nostre equip t\u00e8cnic format per <strong>arquitectes<\/strong> realitza un estudi en qu\u00e8 valora les necessitats dels nostres clients.<\/p>\n<p>Per a la realitzaci\u00f3 de les obres, comptem amb <strong>personal experimentat<\/strong> en l&#8217;execuci\u00f3 de tractaments de patis interiors.<\/p>\n<\/div>[\/vc_column][vc_column width=&#8221;1\/2&#8243;]<div class=\"feature\"><p>Som especialistes en els seg\u00fcents treballs:<\/p>\n<ul class=\"check\">\n<li>Sanejament de <strong>revestiments<\/strong> continus o per peces<\/li>\n<li><strong>Sanejament estructural<\/strong> de volades i coronaments<\/li>\n<li><strong>Cosit de fissures<\/strong><\/li>\n<li>Sanejament o substituci\u00f3 d&#8217;elements met\u00e0l\u00b7lics, baranes, suports, etc.<\/li>\n<li>Aplicaci\u00f3 de tot tipus de <strong>pintures<\/strong><\/li>\n<li><strong>A\u00efllaments t\u00e8rmics superficials<\/strong><\/li>\n<li><strong>Substituci\u00f3<\/strong> de <strong>baixants<\/strong> de <strong>fibrociment<\/strong> o <strong>PVC<\/strong>, amb aplicaci\u00f3 de protocols per al tractament de materials t\u00f2xics<\/li>\n<\/ul>\n<p>Consulta el nostre equip i et sorprendr\u00e0s de projectes amb una alta qualitat t\u00e8cnica al millor preu. <strong>Elaborem el teu pressupost de forma gratu\u00efta i sense comprom\u00eds. <\/strong>Consulti&#8217;ns!<\/p>\n<\/div>[\/vc_column][\/vc_row][vc_row css=&#8221;.vc_custom_1462520311295{margin-top: 0px !important;padding-top: 20px !important;}&#8221;][vc_column]<div class=\"feature\"><\/p>\n<h2 style=\"text-align: center;\"><span id=\"result_box\" class=\"short_text\" lang=\"ca\"><span class=\"\">Per<\/span> <span class=\"\">qu\u00e8 escollir<\/span><\/span> Adapta Reformas<\/h2>\n<p>\n<\/div>[vc_row_inner css=&#8221;.vc_custom_1462444330925{padding-top: 20px !important;}&#8221;][vc_column_inner el_class=&#8221;card card-2&#8243; width=&#8221;1\/12&#8243; css=&#8221;.vc_custom_1462519531075{margin-right: 2px !important;padding-right: 0px !important;}&#8221;][\/vc_column_inner][vc_column_inner el_class=&#8221;card card-3&#8243; width=&#8221;1\/6&#8243;][vc_single_image image=&#8221;5603&#8243; img_size=&#8221;medium&#8221; alignment=&#8221;center&#8221; css_animation=&#8221;top-to-bottom&#8221; css=&#8221;.vc_custom_1462868711512{padding-top: 15px !important;padding-bottom: 15px !important;}&#8221;][vc_column_text css_animation=&#8221;bottom-to-top&#8221;]<\/p>\n<p style=\"text-align: center;\">Arquitecte responsable de la teva reforma<\/p>\n<p>[\/vc_column_text][\/vc_column_inner][vc_column_inner el_class=&#8221;card card-3&#8243; width=&#8221;1\/6&#8243;][vc_single_image image=&#8221;5594&#8243; img_size=&#8221;medium&#8221; alignment=&#8221;center&#8221; css_animation=&#8221;left-to-right&#8221; css=&#8221;.vc_custom_1462868689418{padding-top: 15px !important;padding-bottom: 15px !important;}&#8221;][vc_column_text css_animation=&#8221;left-to-right&#8221;]<\/p>\n<p style=\"text-align: center;\">Servei d\u2019interiorisme<\/p>\n<p>[\/vc_column_text][\/vc_column_inner][vc_column_inner el_class=&#8221;card card-3&#8243; width=&#8221;1\/6&#8243;][vc_single_image image=&#8221;5591&#8243; img_size=&#8221;medium&#8221; alignment=&#8221;center&#8221; css_animation=&#8221;right-to-left&#8221; css=&#8221;.vc_custom_1462868752101{padding-top: 15px !important;padding-bottom: 15px !important;}&#8221;][vc_column_text css_animation=&#8221;right-to-left&#8221;]<\/p>\n<p style=\"text-align: center;\">Garantia d\u2019obra<\/p>\n<p>[\/vc_column_text][\/vc_column_inner][vc_column_inner el_class=&#8221;card card-3&#8243; width=&#8221;1\/6&#8243;][vc_single_image image=&#8221;5597&#8243; img_size=&#8221;medium&#8221; alignment=&#8221;center&#8221; css_animation=&#8221;right-to-left&#8221; css=&#8221;.vc_custom_1462868733312{padding-top: 15px !important;padding-bottom: 15px !important;}&#8221;][vc_column_text css_animation=&#8221;right-to-left&#8221;]<\/p>\n<p style=\"text-align: center;\">Tarifes competitives<\/p>\n<p>[\/vc_column_text][\/vc_column_inner][vc_column_inner el_class=&#8221;card card-3&#8243; width=&#8221;1\/6&#8243;][vc_single_image image=&#8221;5600&#8243; img_size=&#8221;medium&#8221; alignment=&#8221;center&#8221; css_animation=&#8221;left-to-right&#8221; css=&#8221;.vc_custom_1462865882917{padding-top: 15px !important;padding-bottom: 15px !important;}&#8221;][vc_column_text css_animation=&#8221;left-to-right&#8221;]<\/p>\n<p style=\"text-align: center;\">Simulaci\u00f3 2D-3D del projecte<\/p>\n<p>[\/vc_column_text][\/vc_column_inner][vc_column_inner width=&#8221;1\/12&#8243;][\/vc_column_inner][\/vc_row_inner][\/vc_column][\/vc_row][vc_row css=&#8221;.vc_custom_1465915222273{background: #f4f4f4 url(https:\/\/www.adaptareformas.es\/wp-content\/uploads\/2013\/01\/logo_A-horizontal.png?id=7988) !important;background-position: center !important;background-repeat: no-repeat !important;background-size: contain !important;}&#8221;][vc_column][vc_column_text]<\/p>\n<h2 style=\"text-align: center;\">\u00a0Demana&#8217;ns pressupost\u00a0per rehabilitar o decorar el teu pati interior<\/h2>\n<p>[\/vc_column_text]\n<div class=\"wpcf7 no-js\" id=\"wpcf7-f4915-o1\" lang=\"es-ES\" dir=\"ltr\" data-wpcf7-id=\"4915\">\n<div class=\"screen-reader-response\"><p role=\"status\" aria-live=\"polite\" aria-atomic=\"true\"><\/p> <ul><\/ul><\/div>\n<form action=\"\/ca\/wp-json\/wp\/v2\/pages\/3806#wpcf7-f4915-o1\" method=\"post\" class=\"wpcf7-form init wpcf7-acceptance-as-validation\" aria-label=\"Formulario de contacto\" novalidate=\"novalidate\" data-status=\"init\">\n<fieldset class=\"hidden-fields-container\"><input type=\"hidden\" name=\"_wpcf7\" value=\"4915\" \/><input type=\"hidden\" name=\"_wpcf7_version\" value=\"6.1.4\" \/><input type=\"hidden\" name=\"_wpcf7_locale\" value=\"es_ES\" \/><input type=\"hidden\" name=\"_wpcf7_unit_tag\" value=\"wpcf7-f4915-o1\" \/><input type=\"hidden\" name=\"_wpcf7_container_post\" value=\"0\" \/><input type=\"hidden\" name=\"_wpcf7_posted_data_hash\" value=\"\" \/>\n<\/fieldset>\n<div class=\"vc_col-sm-12\">\n\t<p>Nom: *\n\t<\/p>\n\t<p><span class=\"wpcf7-form-control-wrap\" data-name=\"your-name\"><input size=\"40\" maxlength=\"400\" class=\"wpcf7-form-control wpcf7-text wpcf7-validates-as-required\" aria-required=\"true\" aria-invalid=\"false\" value=\"\" type=\"text\" name=\"your-name\" \/><\/span>\n\t<\/p>\n<\/div>\n<div class=\"vc_col-sm-6\">\n\t<p>Adre\u00e7a electr\u00f2nica: *\n\t<\/p>\n\t<p><span class=\"wpcf7-form-control-wrap\" data-name=\"your-email\"><input size=\"40\" maxlength=\"400\" class=\"wpcf7-form-control wpcf7-email wpcf7-validates-as-required wpcf7-text wpcf7-validates-as-email\" aria-required=\"true\" aria-invalid=\"false\" value=\"\" type=\"email\" name=\"your-email\" \/><\/span>\n\t<\/p>\n<\/div>\n<div class=\"vc_col-sm-6\">\n\t<p>N\u00famero de tel\u00e8fon: *\n\t<\/p>\n\t<p><span class=\"wpcf7-form-control-wrap\" data-name=\"tel-693\"><input size=\"40\" maxlength=\"400\" class=\"wpcf7-form-control wpcf7-tel wpcf7-validates-as-required wpcf7-text wpcf7-validates-as-tel\" aria-required=\"true\" aria-invalid=\"false\" value=\"\" type=\"tel\" name=\"tel-693\" \/><\/span>\n\t<\/p>\n<\/div>\n<div class=\"vc_col-sm-12\">\n\t<p>Missatge: *\n\t<\/p>\n\t<p><span class=\"wpcf7-form-control-wrap\" data-name=\"your-message\"><textarea cols=\"40\" rows=\"10\" maxlength=\"2000\" class=\"wpcf7-form-control wpcf7-textarea wpcf7-validates-as-required\" aria-required=\"true\" aria-invalid=\"false\" name=\"your-message\"><\/textarea><\/span>\n\t<\/p>\n<\/div>\n<div class=\"vc_col-sm-12\">\n\t<p><span class=\"wpcf7-form-control-wrap\" data-name=\"privacy-policy\"><span class=\"wpcf7-form-control wpcf7-acceptance\"><span class=\"wpcf7-list-item\"><label><input type=\"checkbox\" name=\"privacy-policy\" value=\"1\" aria-invalid=\"false\" \/><span class=\"wpcf7-list-item-label\">* Accepto la <a href=\"https:\/\/www.adaptareformas.es\/ca\/politica-de-privacitat\/\" rel=\"no-index no-follow\" target=\"_blank\">pol\u00edtica de privacitat<\/a><\/span><\/label><\/span><\/span><\/span>\n\t<\/p>\n<\/div>\n<div class=\"vc_col-sm-6\" style=\"margin-top:10px;\">\n\t<p><input class=\"wpcf7-form-control wpcf7-submit has-spinner\" type=\"submit\" value=\"Enviar\" \/>\n\t<\/p>\n<\/div><input type=\"text\" name=\"TdZAv\" value=\"\" style=\"display: none !important;\" \/><div class=\"wpcf7-response-output\" aria-hidden=\"true\"><\/div>\n<\/form>\n<\/div>\n[\/vc_column][\/vc_row][vc_row css=&#8221;.vc_custom_1462272087563{margin-top: 0px !important;margin-bottom: 0px !important;padding-top: 0px !important;padding-bottom: 0px !important;}&#8221;][vc_column][vc_row_inner css=&#8221;.vc_custom_1462446532104{padding-top: 20px !important;padding-bottom: 20px !important;}&#8221;][vc_column_inner el_class=&#8221;card card-1&#8243; width=&#8221;1\/4&#8243;][vc_single_image image=&#8221;8317&#8243; img_size=&#8221;medium&#8221; onclick=&#8221;custom_link&#8221; link=&#8221;\/reformas-de-vivienda\/reforma-integral-vivienda\/&#8221;]<div class=\"lead text-center \"><\/p>\n<h3><a href=\"\/?page_id=3762\">Reformes Integrals<\/a><\/h3>\n<p>Reformes completes d\u2019habitatges per adaptar-les a les teves necessitats, gustos i pressupost.<\/p>\n<\/div>[\/vc_column_inner][vc_column_inner el_class=&#8221;card card-1&#8243; width=&#8221;1\/4&#8243;][vc_single_image image=&#8221;8309&#8243; img_size=&#8221;medium&#8221; onclick=&#8221;custom_link&#8221; link=&#8221;\/reformas-de-vivienda\/&#8221;]<div class=\"lead text-center \"><\/p>\n<h3><a href=\"https:\/\/www.adaptareformas.es\/ca\/reformes-dhabitatges\/\">Reformes d&#8217;Habitatges<\/a><\/h3>\n<p>Reformes de pisos per estances: cuina, bany, habitacions, climatitzaci\u00f3, fusteria, dom\u00f2tica\u2026<\/p>\n<\/div>[\/vc_column_inner][vc_column_inner el_class=&#8221;card card-1&#8243; width=&#8221;1\/4&#8243;][vc_single_image image=&#8221;5661&#8243; img_size=&#8221;medium&#8221; onclick=&#8221;custom_link&#8221; link=&#8221;\/reformas-de-exterior\/&#8221;]<div class=\"lead text-center \"><\/p>\n<h3><a href=\"https:\/\/www.adaptareformas.es\/ca\/reformes-exterior\/\">Reformes d&#8217;Exterior<\/a><\/h3>\n<p>Reformes de terrats, patis, rehabilitaci\u00f3 de fa\u00e7anes&#8230;Recupera espais perduts.<\/p>\n<\/div>[\/vc_column_inner][vc_column_inner el_class=&#8221;card card-1&#8243; width=&#8221;1\/4&#8243;][vc_single_image image=&#8221;8320&#8243; img_size=&#8221;medium&#8221; onclick=&#8221;custom_link&#8221; link=&#8221;\/locales-comerciales-y-oficinas\/&#8221;]<div class=\"lead text-center \"><\/p>\n<h3><a href=\"https:\/\/www.adaptareformas.es\/ca\/locals-comercials-i-oficines\/\">Locals i Oficines<\/a><\/h3>\n<p>Reformes d&#8217;espais comercials que reflecteixen la teva imatge corporativa sense perdre el teu toc personal<\/p>\n<\/div>[\/vc_column_inner][\/vc_row_inner][\/vc_column][\/vc_row][vc_row full_width=&#8221;stretch_row&#8221; css=&#8221;.vc_custom_1462869997538{padding-top: 20px !important;padding-bottom: 20px !important;background-image: url(https:\/\/www.adaptareformas.es\/wp-content\/uploads\/2013\/01\/fondo-cta-presupuesto.jpg?id=5766) !important;}&#8221; el_class=&#8221;stretch-box&#8221;][vc_column][vc_row_inner][vc_column_inner][vc_column_text]<\/p>\n<h2 style=\"text-align: center;\"><span style=\"color: #222222;\"><span id=\"result_box\" class=\"short_text\" lang=\"ca\">Deixa&#8217;ns la teva opini\u00f3 sobre els nostres serveis de rehabilitaci\u00f3 de patis interiors<\/span><\/span><\/h2>\n<p style=\"text-align: center;\"><span style=\"color: #222222;\"><span id=\"result_box\" class=\"short_text\" lang=\"ca\">Un client satisfet \u00e9s la nostra <span class=\"\">ra\u00f3 de ser.<\/span><\/span><\/span><\/p>\n<p style=\"text-align: center;\"><a href=\"\/ca\/teva-opinio\" class=\"btn btn-primary btn-primary-white\" target=\"_self\">Deixa'ns la teva Opini\u00f3<\/a><\/p>\n<p>[\/vc_column_text][\/vc_column_inner][\/vc_row_inner][\/vc_column][\/vc_row]<\/p>\n","protected":false},"excerpt":{"rendered":"<p>[vc_row css=&#8221;.vc_custom_1463041642149{padding-top: 100px !important;padding-bottom: 75px !important;background-image: url(https:\/\/www.adaptareformas.es\/wp-content\/uploads\/2016\/05\/slide-reforma-exteriores.jpg?id=5834) !important;}&#8221;][vc_column][\/vc_column][\/vc_row][vc_row css=&#8221;.vc_custom_1462891472615{margin-top: 0px !important;margin-bottom: 0px !important;padding-top: 30px !important;padding-bottom: 0px !important;}&#8221;][vc_column width=&#8221;1\/2&#8243;][\/vc_column][vc_column width=&#8221;1\/2&#8243;][\/vc_column][\/vc_row][vc_row css=&#8221;.vc_custom_1462520311295{margin-top:&#8230;<\/p>\n","protected":false},"author":2,"featured_media":0,"parent":3769,"menu_order":0,"comment_status":"open","ping_status":"closed","template":"","meta":{"ngg_post_thumbnail":0,"footnotes":""},"class_list":["post-3806","page","type-page","status-publish","hentry"],"_links":{"self":[{"href":"https:\/\/www.adaptareformas.es\/ca\/wp-json\/wp\/v2\/pages\/3806","targetHints":{"allow":["GET"]}}],"collection":[{"href":"https:\/\/www.adaptareformas.es\/ca\/wp-json\/wp\/v2\/pages"}],"about":[{"href":"https:\/\/www.adaptareformas.es\/ca\/wp-json\/wp\/v2\/types\/page"}],"author":[{"embeddable":true,"href":"https:\/\/www.adaptareformas.es\/ca\/wp-json\/wp\/v2\/users\/2"}],"replies":[{"embeddable":true,"href":"https:\/\/www.adaptareformas.es\/ca\/wp-json\/wp\/v2\/comments?post=3806"}],"version-history":[{"count":12,"href":"https:\/\/www.adaptareformas.es\/ca\/wp-json\/wp\/v2\/pages\/3806\/revisions"}],"predecessor-version":[{"id":8791,"href":"https:\/\/www.adaptareformas.es\/ca\/wp-json\/wp\/v2\/pages\/3806\/revisions\/8791"}],"up":[{"embeddable":true,"href":"https:\/\/www.adaptareformas.es\/ca\/wp-json\/wp\/v2\/pages\/3769"}],"wp:attachment":[{"href":"https:\/\/www.adaptareformas.es\/ca\/wp-json\/wp\/v2\/media?parent=3806"}],"curies":[{"name":"wp","href":"https:\/\/api.w.org\/{rel}","templated":true}]}}